{"id":5619,"date":"2015-11-26T11:22:04","date_gmt":"2015-11-26T10:22:04","guid":{"rendered":"http:\/\/comitelpartners.it\/?page_id=5619"},"modified":"2015-11-26T11:36:39","modified_gmt":"2015-11-26T10:36:39","slug":"terms-and-conditions","status":"publish","type":"page","link":"https:\/\/comitelpartners.it\/en\/terms-and-conditions\/","title":{"rendered":"TERMS AND CONDITIONS"},"content":{"rendered":"<p class=\"what\"><strong>Lorem Ipsum<\/strong> \u00e8 un testo segnaposto utilizzato nel settore della tipografia e della stampa. Lorem Ipsum \u00e8 considerato il testo segnaposto standard sin dal sedicesimo secolo, quando un anonimo tipografo prese una cassetta di caratteri e li assembl\u00f2 per preparare un testo campione. \u00c8 sopravvissuto non solo a pi\u00f9 di cinque secoli, ma anche al passaggio alla videoimpaginazione, pervenendoci sostanzialmente inalterato. Fu reso popolare, negli anni \u201960, con la diffusione dei fogli di caratteri trasferibili \u201cLetraset\u201d, che contenevano passaggi del Lorem Ipsum, e pi\u00f9 recentemente da software di impaginazione<\/p>\n","protected":false},"excerpt":{"rendered":"<p>Lorem Ipsum \u00e8 un testo segnaposto utilizzato nel settore della tipografia e della stampa. Lorem Ipsum \u00e8 considerato il testo&#8230;<\/p>\n","protected":false},"author":4,"featured_media":0,"parent":0,"menu_order":0,"comment_status":"closed","ping_status":"open","template":"","meta":{"_acf_changed":false,"footnotes":""},"class_list":["post-5619","page","type-page","status-publish","hentry"],"acf":[],"_links":{"self":[{"href":"https:\/\/comitelpartners.it\/en\/wp-json\/wp\/v2\/pages\/5619","targetHints":{"allow":["GET"]}}],"collection":[{"href":"https:\/\/comitelpartners.it\/en\/wp-json\/wp\/v2\/pages"}],"about":[{"href":"https:\/\/comitelpartners.it\/en\/wp-json\/wp\/v2\/types\/page"}],"author":[{"embeddable":true,"href":"https:\/\/comitelpartners.it\/en\/wp-json\/wp\/v2\/users\/4"}],"replies":[{"embeddable":true,"href":"https:\/\/comitelpartners.it\/en\/wp-json\/wp\/v2\/comments?post=5619"}],"version-history":[{"count":1,"href":"https:\/\/comitelpartners.it\/en\/wp-json\/wp\/v2\/pages\/5619\/revisions"}],"predecessor-version":[{"id":5620,"href":"https:\/\/comitelpartners.it\/en\/wp-json\/wp\/v2\/pages\/5619\/revisions\/5620"}],"wp:attachment":[{"href":"https:\/\/comitelpartners.it\/en\/wp-json\/wp\/v2\/media?parent=5619"}],"curies":[{"name":"wp","href":"https:\/\/api.w.org\/{rel}","templated":true}]}}